{"id":13,"date":"2015-03-20T11:43:44","date_gmt":"2015-03-20T11:43:44","guid":{"rendered":"http:\/\/elodieromand.com\/?page_id=13"},"modified":"2019-03-12T08:20:11","modified_gmt":"2019-03-12T08:20:11","slug":"repertoire","status":"publish","type":"page","link":"http:\/\/elodieromand.com\/?page_id=13","title":{"rendered":"R\u00e9pertoire"},"content":{"rendered":"<h3>R\u00f4les d&#8217;op\u00e9rettes et d&#8217;op\u00e9ras<\/h3>\n<p>&nbsp;<\/p>\n<p><strong>Puccini<\/strong><\/p>\n<p>La Boh\u00e8me : Mimi<\/p>\n<p>Mme Butterfly : La Cugina*<\/p>\n<p>Turandot : Li\u00f9<\/p>\n<p>&nbsp;<\/p>\n<p><strong>Mozart<\/strong><\/p>\n<p>Le Nozze di Figaro: La Contessa*<\/p>\n<p>Die Zauberfl\u00f6te : 2\u00e8me Dame*, Pamina*<\/p>\n<p>Don Giovanni : Donna Elvira<\/p>\n<p>La Clemenza di Tito : Vitellia, Servilia<\/p>\n<p><strong>Dvorak\u00a0<\/strong><\/p>\n<p>Rusalka : 2\u00e8me Nymphe et Na\u00efade*, Rusalka<\/p>\n<p>&nbsp;<\/p>\n<p><strong>Verdi<\/strong><\/p>\n<p>Traviata : Flora*, Annina<\/p>\n<p>Un Ballo in maschera : Oscar<\/p>\n<p>&nbsp;<\/p>\n<p><strong>Haydn<\/strong><\/p>\n<p>L&#8217;Isola Disabitata : Silvia*<\/p>\n<p>&nbsp;<\/p>\n<p><strong>Gluck<\/strong><\/p>\n<p>Iphig\u00e9nie en Tauride : Iphig\u00e9nie*<\/p>\n<p>&nbsp;<\/p>\n<p><strong>Offenbach<\/strong><\/p>\n<p>La Vie parisienne : M\u00e9tella*<\/p>\n<p>Grande Duchesse de G\u00e9rolstein : Charlotte*<\/p>\n<p>Les contes d&#8217;Hoffman : Antonia<\/p>\n<p>Orph\u00e9e aux enfers : Diane*<\/p>\n<p>La P\u00e9ricole : Cousines Guadalena, Berginella<\/p>\n<p>Le voyage dans la lune : Prince Caprice<\/p>\n<p>La belle H\u00e9l\u00e8ne : Oreste<\/p>\n<p>&nbsp;<\/p>\n<p><strong>Rossini<\/strong><\/p>\n<p>L&#8217;Italiana in Algeria : Zulma<\/p>\n<p>&nbsp;<\/p>\n<p>liste en cours de construction<\/p>\n<p>* Interpr\u00e9t\u00e9 en public tout ou partie<\/p>\n","protected":false},"excerpt":{"rendered":"<p>R\u00f4les d&#8217;op\u00e9rettes et d&#8217;op\u00e9ras &nbsp; Puccini La Boh\u00e8me : Mimi Mme Butterfly : La Cugina* Turandot : Li\u00f9 &nbsp; Mozart Le Nozze di Figaro: La Contessa* Die Zauberfl\u00f6te : 2\u00e8me Dame*, Pamina* Don Giovanni : Donna Elvira La Clemenza di Tito : Vitellia, Servilia Dvorak\u00a0 Rusalka : 2\u00e8me Nymphe et Na\u00efade*, Rusalka &nbsp; Verdi Traviata [&hellip;]<\/p>\n","protected":false},"author":3,"featured_media":0,"parent":0,"menu_order":0,"comment_status":"closed","ping_status":"closed","template":"","meta":{"footnotes":""},"yoast_head":"<!-- This site is optimized with the Yoast SEO plugin v20.8 - https:\/\/yoast.com\/wordpress\/plugins\/seo\/ -->\n<title>R\u00e9pertoire - Elodie Romand<\/title>\n<meta name=\"robots\" content=\"index, follow, max-snippet:-1, max-image-preview:large, max-video-preview:-1\" \/>\n<link rel=\"canonical\" href=\"https:\/\/elodieromand.com\/?page_id=13\" \/>\n<meta property=\"og:locale\" content=\"en_US\" \/>\n<meta property=\"og:type\" content=\"article\" \/>\n<meta property=\"og:title\" content=\"R\u00e9pertoire - Elodie Romand\" \/>\n<meta property=\"og:description\" content=\"R\u00f4les d&#8217;op\u00e9rettes et d&#8217;op\u00e9ras &nbsp; Puccini La Boh\u00e8me : Mimi Mme Butterfly : La Cugina* Turandot : Li\u00f9 &nbsp; Mozart Le Nozze di Figaro: La Contessa* Die Zauberfl\u00f6te : 2\u00e8me Dame*, Pamina* Don Giovanni : Donna Elvira La Clemenza di Tito : Vitellia, Servilia Dvorak\u00a0 Rusalka : 2\u00e8me Nymphe et Na\u00efade*, Rusalka &nbsp; Verdi Traviata [&hellip;]\" \/>\n<meta property=\"og:url\" content=\"https:\/\/elodieromand.com\/?page_id=13\" \/>\n<meta property=\"og:site_name\" content=\"Elodie Romand\" \/>\n<meta property=\"article:modified_time\" content=\"2019-03-12T08:20:11+00:00\" \/>\n<meta name=\"twitter:label1\" content=\"Est. reading time\" \/>\n\t<meta name=\"twitter:data1\" content=\"1 minute\" \/>\n<script type=\"application\/ld+json\" class=\"yoast-schema-graph\">{\"@context\":\"https:\/\/schema.org\",\"@graph\":[{\"@type\":\"WebPage\",\"@id\":\"https:\/\/elodieromand.com\/?page_id=13\",\"url\":\"https:\/\/elodieromand.com\/?page_id=13\",\"name\":\"R\u00e9pertoire - Elodie Romand\",\"isPartOf\":{\"@id\":\"https:\/\/elodieromand.com\/#website\"},\"datePublished\":\"2015-03-20T11:43:44+00:00\",\"dateModified\":\"2019-03-12T08:20:11+00:00\",\"breadcrumb\":{\"@id\":\"https:\/\/elodieromand.com\/?page_id=13#breadcrumb\"},\"inLanguage\":\"en-US\",\"potentialAction\":[{\"@type\":\"ReadAction\",\"target\":[\"https:\/\/elodieromand.com\/?page_id=13\"]}]},{\"@type\":\"BreadcrumbList\",\"@id\":\"https:\/\/elodieromand.com\/?page_id=13#breadcrumb\",\"itemListElement\":[{\"@type\":\"ListItem\",\"position\":1,\"name\":\"Accueil\",\"item\":\"https:\/\/elodieromand.com\/\"},{\"@type\":\"ListItem\",\"position\":2,\"name\":\"R\u00e9pertoire\"}]},{\"@type\":\"WebSite\",\"@id\":\"https:\/\/elodieromand.com\/#website\",\"url\":\"https:\/\/elodieromand.com\/\",\"name\":\"Elodie Romand\",\"description\":\"Chanteuse\/Coach vocal\",\"potentialAction\":[{\"@type\":\"SearchAction\",\"target\":{\"@type\":\"EntryPoint\",\"urlTemplate\":\"https:\/\/elodieromand.com\/?s={search_term_string}\"},\"query-input\":\"required name=search_term_string\"}],\"inLanguage\":\"en-US\"}]}<\/script>\n<!-- \/ Yoast SEO plugin. -->","yoast_head_json":{"title":"R\u00e9pertoire - Elodie Romand","robots":{"index":"index","follow":"follow","max-snippet":"max-snippet:-1","max-image-preview":"max-image-preview:large","max-video-preview":"max-video-preview:-1"},"canonical":"https:\/\/elodieromand.com\/?page_id=13","og_locale":"en_US","og_type":"article","og_title":"R\u00e9pertoire - Elodie Romand","og_description":"R\u00f4les d&#8217;op\u00e9rettes et d&#8217;op\u00e9ras &nbsp; Puccini La Boh\u00e8me : Mimi Mme Butterfly : La Cugina* Turandot : Li\u00f9 &nbsp; Mozart Le Nozze di Figaro: La Contessa* Die Zauberfl\u00f6te : 2\u00e8me Dame*, Pamina* Don Giovanni : Donna Elvira La Clemenza di Tito : Vitellia, Servilia Dvorak\u00a0 Rusalka : 2\u00e8me Nymphe et Na\u00efade*, Rusalka &nbsp; Verdi Traviata [&hellip;]","og_url":"https:\/\/elodieromand.com\/?page_id=13","og_site_name":"Elodie Romand","article_modified_time":"2019-03-12T08:20:11+00:00","twitter_misc":{"Est. reading time":"1 minute"},"schema":{"@context":"https:\/\/schema.org","@graph":[{"@type":"WebPage","@id":"https:\/\/elodieromand.com\/?page_id=13","url":"https:\/\/elodieromand.com\/?page_id=13","name":"R\u00e9pertoire - Elodie Romand","isPartOf":{"@id":"https:\/\/elodieromand.com\/#website"},"datePublished":"2015-03-20T11:43:44+00:00","dateModified":"2019-03-12T08:20:11+00:00","breadcrumb":{"@id":"https:\/\/elodieromand.com\/?page_id=13#breadcrumb"},"inLanguage":"en-US","potentialAction":[{"@type":"ReadAction","target":["https:\/\/elodieromand.com\/?page_id=13"]}]},{"@type":"BreadcrumbList","@id":"https:\/\/elodieromand.com\/?page_id=13#breadcrumb","itemListElement":[{"@type":"ListItem","position":1,"name":"Accueil","item":"https:\/\/elodieromand.com\/"},{"@type":"ListItem","position":2,"name":"R\u00e9pertoire"}]},{"@type":"WebSite","@id":"https:\/\/elodieromand.com\/#website","url":"https:\/\/elodieromand.com\/","name":"Elodie Romand","description":"Chanteuse\/Coach vocal","potentialAction":[{"@type":"SearchAction","target":{"@type":"EntryPoint","urlTemplate":"https:\/\/elodieromand.com\/?s={search_term_string}"},"query-input":"required name=search_term_string"}],"inLanguage":"en-US"}]}},"_links":{"self":[{"href":"http:\/\/elodieromand.com\/index.php?rest_route=\/wp\/v2\/pages\/13"}],"collection":[{"href":"http:\/\/elodieromand.com\/index.php?rest_route=\/wp\/v2\/pages"}],"about":[{"href":"http:\/\/elodieromand.com\/index.php?rest_route=\/wp\/v2\/types\/page"}],"author":[{"embeddable":true,"href":"http:\/\/elodieromand.com\/index.php?rest_route=\/wp\/v2\/users\/3"}],"replies":[{"embeddable":true,"href":"http:\/\/elodieromand.com\/index.php?rest_route=%2Fwp%2Fv2%2Fcomments&post=13"}],"version-history":[{"count":29,"href":"http:\/\/elodieromand.com\/index.php?rest_route=\/wp\/v2\/pages\/13\/revisions"}],"predecessor-version":[{"id":853,"href":"http:\/\/elodieromand.com\/index.php?rest_route=\/wp\/v2\/pages\/13\/revisions\/853"}],"wp:attachment":[{"href":"http:\/\/elodieromand.com\/index.php?rest_route=%2Fwp%2Fv2%2Fmedia&parent=13"}],"curies":[{"name":"wp","href":"https:\/\/api.w.org\/{rel}","templated":true}]}}