{"id":11,"date":"2015-03-20T11:43:23","date_gmt":"2015-03-20T11:43:23","guid":{"rendered":"http:\/\/elodieromand.com\/?page_id=11"},"modified":"2022-08-28T16:54:55","modified_gmt":"2022-08-28T16:54:55","slug":"photos","status":"publish","type":"page","link":"https:\/\/elodieromand.com\/?page_id=11","title":{"rendered":"P\u00e9dagogie"},"content":{"rendered":"<p>Plong\u00e9e tr\u00e8s t\u00f4t dans la technique et la r\u00e9flexion sur le corps (approche des techniques Feldenkrais, Psychophonie, puis Analyse Fonctionnelle du Corps en Mouvement, Yoga et enfin Pilates ), la passion de la p\u00e9dagogie et de la transmission de ses professeurs (Sandrine Deschamps en Jazz pour commencer puis Robert Expert et Delphine Collot en Lyrique) a d\u00e9teint sur Elodie Romand.<\/p>\n<p>Elle enseigne le chant <strong>depuis plus de 10 ans,<\/strong> d&#8217;abord dans divers structures associatives, centres d&#8217;animation et \u00e0 domicile pour partager avec tous les publics le plaisir de chant (Association L&#8217;Apprenti musicien Paris 12, Fasiladom, Ligue de l&#8217;enseignement Centre Mathis Paris 19, Acadomia) et enfin \u00e0 l&#8217;Ecole De Musique d&#8217;Enghien-les-Bains jusqu&#8217;en 2013.<\/p>\n<p>Depuis elle re\u00e7oit en particulier dans le quartier de Bastille \u00e0 Paris.<\/p>\n<p>Professeure tr\u00e8s investie avec ses \u00e9l\u00e8ves, elle est \u00e9galement <strong>cheffe de choeur en entreprise<\/strong>\u00a0dans une d\u00e9marche bien-\u00eatre au travail (Cnam de Paris, Aviation civile, Eurocopt\u00e8re, Bistrol Myers Squibb, Shire, Icade, Takeda) et <strong>coach vocal<\/strong>.<\/p>\n<p>Elle se consacre r\u00e9cemment plus particuli\u00e8rement <strong>aux com\u00e9diens, aux orateurs<\/strong> et, gr\u00e2ce \u00e0 sa rencontre avec la mezzo-soprano Isabelle Henriquez, se forme en \u00ab<strong>Coordination Respiratoire MDH<\/strong>\u00bb aupr\u00e8s de Robin de Haas \u00e0 Lausanne et Los Angeles pour devenir praticienne de la m\u00e9thode depuis 2014.<\/p>\n<p><!--more--><\/p>\n<h3><em><strong>La Coordination Respiratoire MDH, qu&#8217;est-ce donc ?<\/strong><\/em><\/h3>\n<p>C\u2019est en observant les probl\u00e8mes respiratoires des gens autour de lui que Carl Stough, professeur de chant et chef de ch\u0153ur am\u00e9ricain, dans les ann\u00e9es 60 a \u00e9labor\u00e9 les principes de ce qu\u2019il a nomm\u00e9 coordination respiratoire. M\u00e9thode reprise et d\u00e9velopp\u00e9e par Lynn Martin son assistante pendant 25 ans et Robin DeHaas, jeune chanteur p\u00e9dagogue Suisse.<br \/>\nCarl Stough \u00e9tablit au fil de son travail une mani\u00e8re d\u2019identifier, puis de d\u00e9velopper le fonctionnement simultan\u00e9 et optimal de tous les diff\u00e9rents muscles impliqu\u00e9s dans la respiration.<br \/>\nLe but de ce processus est <strong>d\u2019amplifier et d\u2019harmoniser le mouvement du diaphragme<\/strong> (muscle principal de la respiration) pour restaurer le potentiel total du corps \u00e0 s\u2019oxyg\u00e9ner.<br \/>\nCe travail influence non seulement l\u2019\u00e9tat fonctionnel du syst\u00e8me respiratoire, mais aussi en cons\u00e9quence la personne en elle-m\u00eame, de son syst\u00e8me nerveux \u00e0 sa sant\u00e9.<\/p>\n<h3><em><strong>\u00c0 qui est-ce destin\u00e9 et pourquoi?<\/strong><\/em><\/h3>\n<p><strong>\u00c0 tous<\/strong>, puisque chacun respire et potentiellement utilise sa voix, en parlant ou en chantant.\u00a0C\u2019est \u00e9galement <b>pour mieux g\u00e9rer le stress,<\/b> <strong>les tensions,\u00a0les douleurs posturales.<\/strong><\/p>\n<p>Gr\u00e2ce \u00e0 une meilleure conscience et ma\u00eetrise de son souffle, une plus grande efficience au niveau de l&#8217;oxyg\u00e9nation des tissus induit que le corps se r\u00e9adapte, se soulage, se nourrit.<\/p>\n<p>Cela permettant donc \u00e9galement une am\u00e9lioration des performances organiques ; la r\u00e9percussion sur le confort se faisant appara\u00eetre, <strong>le d\u00e9veloppement de qualit\u00e9s communicatives, artistiques, sportives<\/strong> \u00e9galement.<br \/>\nAinsi, son apport est fort impactant pour tous ceux qui doivent \u00eatre performants, convaincants, avec leur corps et leur voix tels que les com\u00e9diens, musiciens, conf\u00e9renciers, enseignants , n\u00e9gociants, sportifs,\u2026<\/p>\n<p>Elle prend aussi toute son importance pour les gens souffrant de pathologies : vocales (ex pr\u00e9-nodules, for\u00e7age) ou respiratoires (ex asthme, emphys\u00e8me), \u00a0afin de<strong> g\u00e9rer la r\u00e9gulation du d\u00e9bit d&#8217;air <\/strong>lors de la phonation et<strong> d\u2019am\u00e9liorer leur qualit\u00e9 de vie<\/strong>.<\/p>\n<h3><em><strong>Comment la s\u00e9ance se d\u00e9roule-t-elle ?<\/strong><\/em><\/h3>\n<p>La s\u00e9ance est d\u2019une heure et se passe dans le centre de Paris vers La Bastille (m\u00e9tros L8, L1, L5). Elle d\u00e9bute par un \u00e9change verbal pour partager les attentes, les retours et les besoins du client. Puis se poursuit <strong>sur une table de massage,<\/strong> avec un bilan personnalis\u00e9 des diff\u00e9rentes parties du corps mobilis\u00e9es et utiles dans la fonction respiratoire.<br \/>\nCe bilan est compos\u00e9 de mini tests puis d\u2019un travail de <strong>lib\u00e9ration des tensions<\/strong> et de prise de conscience progressive des sensations afin d&#8217;ouvrir les diff\u00e9rentes chaines musculaires.<\/p>\n<p>Apr\u00e8s quoi un travail d\u2019\u00e9quipe entre le praticien et du client qui se composera de <strong>coordination <\/strong>des diff\u00e9rents muscles impliqu\u00e9s dans le m\u00e9canisme respiratoire et la posture commence.<br \/>\nPar la gestion du souffle et la <strong>stimulation du diaphragme par la voix <\/strong>dans tous ses \u00e9tats, l\u2019\u00e9quilibre global est alors engag\u00e9.<br \/>\nEnfin, selon la situation et la demande, la s\u00e9ance\u00a0peut se\u00a0poursuivre par un travail personnalis\u00e9 en relation avec l&#8217;activit\u00e9 professionnelle ou personnelle du client.<\/p>\n<h3><strong><em>Tarif des s\u00e9ances de Coordination Respiratoire MDH<\/em><\/strong><\/h3>\n<p>Le tarif en septembre 2022 est de 70\u20ac la s\u00e9ance d&#8217;une heure \u00e0 l\u2019unit\u00e9. Et pour les plus investis, je pratique des tarifs d\u00e9gressifs sous forme de \u00ab pack \u00bb.<\/p>\n<p>D\u00e9couvrez cette m\u00e9thode tout \u00e0 fait exceptionnelle. Le mantra est \u00ab Maximum efficacit\u00e9 pour un minimum d\u2019effort \u00bb concernant le corps!!!<br \/>\nComment justifier mieux que maintenant, apr\u00e8s ces 2 ann\u00e9es de Covid, que la sant\u00e9 &#8211; et particuli\u00e8rement l&#8217;essence de la vie: RESPIRER &#8211; est primordiale &#8230;<\/p>\n<p>Ce tarif est encore avantageux puisque la technique est encore peu connue en France (seules la Suisse et les Etats-Unis ont d\u00e9velopp\u00e9 activement cette activit\u00e9 \u00e0 Hollywood, New York et dans les centres experts d\u2019orthophonie et de Hautes \u00e9coles de Musique en Suisse), il augmentera avec le temps\u2026<\/p>\n<p>J&#8217;ai une nouvelle coll\u00e8gue \u00e0 Lyon et un \u00e0 Marseille maintenant, la famille CR MDH s\u2019agrandit!<\/p>\n<p>plus d&#8217;infos sur:<\/p>\n<p><a href=\"https:\/\/breathingcoordination.robindesvoix.ch\/\">https:\/\/breathingcoordination.robindesvoix.ch\/<\/a><\/p>\n","protected":false},"excerpt":{"rendered":"<p>Plong\u00e9e tr\u00e8s t\u00f4t dans la technique et la r\u00e9flexion sur le corps (approche des techniques Feldenkrais, Psychophonie, puis Analyse Fonctionnelle du Corps en Mouvement, Yoga et enfin Pilates ), la passion de la p\u00e9dagogie et de la transmission de ses professeurs (Sandrine Deschamps en Jazz pour commencer puis Robert Expert et Delphine Collot en Lyrique) [&hellip;]<\/p>\n","protected":false},"author":3,"featured_media":0,"parent":0,"menu_order":0,"comment_status":"closed","ping_status":"closed","template":"","meta":{"footnotes":""},"yoast_head":"<!-- This site is optimized with the Yoast SEO plugin v20.8 - https:\/\/yoast.com\/wordpress\/plugins\/seo\/ -->\n<title>P\u00e9dagogie - Elodie Romand<\/title>\n<meta name=\"robots\" content=\"index, follow, max-snippet:-1, max-image-preview:large, max-video-preview:-1\" \/>\n<link rel=\"canonical\" href=\"http:\/\/elodieromand.com\/?page_id=11\" \/>\n<meta property=\"og:locale\" content=\"en_US\" \/>\n<meta property=\"og:type\" content=\"article\" \/>\n<meta property=\"og:title\" content=\"P\u00e9dagogie - Elodie Romand\" \/>\n<meta property=\"og:description\" content=\"Plong\u00e9e tr\u00e8s t\u00f4t dans la technique et la r\u00e9flexion sur le corps (approche des techniques Feldenkrais, Psychophonie, puis Analyse Fonctionnelle du Corps en Mouvement, Yoga et enfin Pilates ), la passion de la p\u00e9dagogie et de la transmission de ses professeurs (Sandrine Deschamps en Jazz pour commencer puis Robert Expert et Delphine Collot en Lyrique) [&hellip;]\" \/>\n<meta property=\"og:url\" content=\"http:\/\/elodieromand.com\/?page_id=11\" \/>\n<meta property=\"og:site_name\" content=\"Elodie Romand\" \/>\n<meta property=\"article:modified_time\" content=\"2022-08-28T16:54:55+00:00\" \/>\n<meta name=\"twitter:label1\" content=\"Est. reading time\" \/>\n\t<meta name=\"twitter:data1\" content=\"4 minutes\" \/>\n<script type=\"application\/ld+json\" class=\"yoast-schema-graph\">{\"@context\":\"https:\/\/schema.org\",\"@graph\":[{\"@type\":\"WebPage\",\"@id\":\"http:\/\/elodieromand.com\/?page_id=11\",\"url\":\"http:\/\/elodieromand.com\/?page_id=11\",\"name\":\"P\u00e9dagogie - Elodie Romand\",\"isPartOf\":{\"@id\":\"https:\/\/elodieromand.com\/#website\"},\"datePublished\":\"2015-03-20T11:43:23+00:00\",\"dateModified\":\"2022-08-28T16:54:55+00:00\",\"breadcrumb\":{\"@id\":\"http:\/\/elodieromand.com\/?page_id=11#breadcrumb\"},\"inLanguage\":\"en-US\",\"potentialAction\":[{\"@type\":\"ReadAction\",\"target\":[\"http:\/\/elodieromand.com\/?page_id=11\"]}]},{\"@type\":\"BreadcrumbList\",\"@id\":\"http:\/\/elodieromand.com\/?page_id=11#breadcrumb\",\"itemListElement\":[{\"@type\":\"ListItem\",\"position\":1,\"name\":\"Accueil\",\"item\":\"https:\/\/elodieromand.com\/\"},{\"@type\":\"ListItem\",\"position\":2,\"name\":\"P\u00e9dagogie\"}]},{\"@type\":\"WebSite\",\"@id\":\"https:\/\/elodieromand.com\/#website\",\"url\":\"https:\/\/elodieromand.com\/\",\"name\":\"Elodie Romand\",\"description\":\"Chanteuse\/Coach vocal\",\"potentialAction\":[{\"@type\":\"SearchAction\",\"target\":{\"@type\":\"EntryPoint\",\"urlTemplate\":\"https:\/\/elodieromand.com\/?s={search_term_string}\"},\"query-input\":\"required name=search_term_string\"}],\"inLanguage\":\"en-US\"}]}<\/script>\n<!-- \/ Yoast SEO plugin. -->","yoast_head_json":{"title":"P\u00e9dagogie - Elodie Romand","robots":{"index":"index","follow":"follow","max-snippet":"max-snippet:-1","max-image-preview":"max-image-preview:large","max-video-preview":"max-video-preview:-1"},"canonical":"http:\/\/elodieromand.com\/?page_id=11","og_locale":"en_US","og_type":"article","og_title":"P\u00e9dagogie - Elodie Romand","og_description":"Plong\u00e9e tr\u00e8s t\u00f4t dans la technique et la r\u00e9flexion sur le corps (approche des techniques Feldenkrais, Psychophonie, puis Analyse Fonctionnelle du Corps en Mouvement, Yoga et enfin Pilates ), la passion de la p\u00e9dagogie et de la transmission de ses professeurs (Sandrine Deschamps en Jazz pour commencer puis Robert Expert et Delphine Collot en Lyrique) [&hellip;]","og_url":"http:\/\/elodieromand.com\/?page_id=11","og_site_name":"Elodie Romand","article_modified_time":"2022-08-28T16:54:55+00:00","twitter_misc":{"Est. reading time":"4 minutes"},"schema":{"@context":"https:\/\/schema.org","@graph":[{"@type":"WebPage","@id":"http:\/\/elodieromand.com\/?page_id=11","url":"http:\/\/elodieromand.com\/?page_id=11","name":"P\u00e9dagogie - Elodie Romand","isPartOf":{"@id":"https:\/\/elodieromand.com\/#website"},"datePublished":"2015-03-20T11:43:23+00:00","dateModified":"2022-08-28T16:54:55+00:00","breadcrumb":{"@id":"http:\/\/elodieromand.com\/?page_id=11#breadcrumb"},"inLanguage":"en-US","potentialAction":[{"@type":"ReadAction","target":["http:\/\/elodieromand.com\/?page_id=11"]}]},{"@type":"BreadcrumbList","@id":"http:\/\/elodieromand.com\/?page_id=11#breadcrumb","itemListElement":[{"@type":"ListItem","position":1,"name":"Accueil","item":"https:\/\/elodieromand.com\/"},{"@type":"ListItem","position":2,"name":"P\u00e9dagogie"}]},{"@type":"WebSite","@id":"https:\/\/elodieromand.com\/#website","url":"https:\/\/elodieromand.com\/","name":"Elodie Romand","description":"Chanteuse\/Coach vocal","potentialAction":[{"@type":"SearchAction","target":{"@type":"EntryPoint","urlTemplate":"https:\/\/elodieromand.com\/?s={search_term_string}"},"query-input":"required name=search_term_string"}],"inLanguage":"en-US"}]}},"_links":{"self":[{"href":"https:\/\/elodieromand.com\/index.php?rest_route=\/wp\/v2\/pages\/11"}],"collection":[{"href":"https:\/\/elodieromand.com\/index.php?rest_route=\/wp\/v2\/pages"}],"about":[{"href":"https:\/\/elodieromand.com\/index.php?rest_route=\/wp\/v2\/types\/page"}],"author":[{"embeddable":true,"href":"https:\/\/elodieromand.com\/index.php?rest_route=\/wp\/v2\/users\/3"}],"replies":[{"embeddable":true,"href":"https:\/\/elodieromand.com\/index.php?rest_route=%2Fwp%2Fv2%2Fcomments&post=11"}],"version-history":[{"count":36,"href":"https:\/\/elodieromand.com\/index.php?rest_route=\/wp\/v2\/pages\/11\/revisions"}],"predecessor-version":[{"id":921,"href":"https:\/\/elodieromand.com\/index.php?rest_route=\/wp\/v2\/pages\/11\/revisions\/921"}],"wp:attachment":[{"href":"https:\/\/elodieromand.com\/index.php?rest_route=%2Fwp%2Fv2%2Fmedia&parent=11"}],"curies":[{"name":"wp","href":"https:\/\/api.w.org\/{rel}","templated":true}]}}