{"id":7,"date":"2015-05-10T17:28:04","date_gmt":"2015-05-10T17:28:04","guid":{"rendered":"http:\/\/elodieromand.com\/?page_id=7"},"modified":"2024-02-18T10:25:30","modified_gmt":"2024-02-18T10:25:30","slug":"biographie","status":"publish","type":"page","link":"https:\/\/elodieromand.com\/?page_id=7","title":{"rendered":"Biographie"},"content":{"rendered":"<p><strong>Passionn\u00e9e par tous les styles, Elodie Romand explore \u00e0 20 ans les divers r\u00e9pertoires du jazz \u00e0 la com\u00e9die musicale, de la chanson \u00e0 la musique classique<\/strong>.<\/p>\n<p>Privil\u00e9giant,\u00a0 pour continuer sa formation, la technique du chant lyrique, elle int\u00e8gre le Conservatoire du 9\u00e8me arr. \u00e0 Paris en 2006 et travaillera jusqu&#8217;\u00e0 sa fin de 3\u00e8me cycle avec la mezzo-soprano Elsa Maurus. Puis c&#8217;est dans la classe du contre-t\u00e9nor Robert Expert (professeur au Cnsmd de Lyon) et de la soprano Sonia Morgavi (professeur \u00e0 l\u2019Aicom) qu&#8217;elle obtiendra son Dipl\u00f4me d&#8217;Etudes Musicales de chant lyrique au Conservatoire de Bobigny en 2013. Puis pour finir son Perfectionnement elle le fera avec la soprano Delphine Collot au Conservatoire de Saint-Quentin.<br \/>\nEgalement fortement nourrit par Leontina Vadouva et Carmelo Agnello lors d\u2019ateliers lyriques et dramaturgiques, elle complete sa formation avec Catherine Hassler en cours Baroque et Renaissance ou encore en Masterclass avec Svetlana Lifar et a \u00e9t\u00e9 accompagn\u00e9e par Adeline Toniutti en coaching vocal pendant 2 ans.<br \/>\nDepuis 2020 c\u2019est avec Chantal Bastide qu\u2019elle d\u00e9veloppe le repertoire Bel Cantiste et precise sa tessiture dit anciennement \u00ab<a href=\"https:\/\/www.olyrix.com\/air-du-jour\/1205\/air-du-jour-quotidien-vocabulaire-dopera-francais-bartoli-mozart-les-noces-de-figaro-decouvrir-lyrique-gratuit\">Dugazon<\/a> \u00bb, mezzo leger colorature.<\/p>\n<p><strong>Elle a chant\u00e9 sous la direction d&#8217;orchestre de chefs comme:<\/strong><\/p>\n<p>Emmanuelle Ha\u00efm (\u00abLe concert D&#8217;Astr\u00e9e\u00bb, choeurs pour la f\u00eate de la musique \u00e0 La D\u00e9fense en 2011), Rapha\u00ebl Pichon (choeurs dans \u00ab<em>Elias<\/em>\u00bb de Mendelssohn au festival de la Chaise-Dieu avec St\u00e9phane Degout en 2012), L\u00e9o Warinsky (Ensemble Les M\u00e9taboles saison 2012-2013), Pierre Roullier (\u0153uvres de musique de chambre de Chausson et de Spohr au Festival de l&#8217;Acad\u00e9mie des Arcs, 2011), <span style=\"font-size: revert;\">Eric Sprogis (ch\u0153urs dans \u00ab<\/span><em style=\"font-size: revert;\">Carmen<\/em><span style=\"font-size: revert;\">\u00bb de Bizet aux Nuits musicales de Bazoches, 2010), <\/span><span style=\"font-size: revert;\">Carlos Dourth\u00e9 (ch\u0153urs dans la \u00ab<\/span><em style=\"font-size: revert;\">Traviata<\/em><span style=\"font-size: revert;\">\u00bb de Verdi aux Dimanches Musicaux de Paris, 2010), <\/span><span style=\"font-size: revert;\">Amaury du Closel (Festival des Voix Etouff\u00e9es , 2008, Op\u00e9ra nomade depuis 2016), <\/span><span style=\"font-size: revert;\">J\u00e9r\u00f4me Boudin-Clauzel (op\u00e9rette <\/span><strong style=\"font-size: revert;\">\u00ab<\/strong><em style=\"font-size: revert;\">Garin\u00e9<\/em><em style=\"font-size: revert;\">\u00bb de D.<\/em><span style=\"font-size: revert;\">Tchouhadjian, 2013-2015), <\/span><span style=\"font-size: revert;\">Giuliano Carella (Cavalleria Rusticana et I Pagluacci, opera de Toulon, 2016), Alejandro Sadler Requiem de Mozart 2019), Jean-Louis Forrestier ( l\u2019Orestie de Xenakis, amphith\u00e9\u00e2tre Bastille,2015), Laurent Goossaert (<strong>\u00ab<\/strong><em>La Vie Parisienne\u00a0<\/em><strong>\u00bb\u00a0<\/strong>d&#8217;Offenbach salle Gaveau en d\u00e9cembre 2015)<\/span><\/p>\n<p><strong>Elodie Romand, attir\u00e9e plus particuli\u00e8rement par la dimension sc\u00e9nique et dramaturgique, a jou\u00e9 dans des spectacles tels que:<\/strong><\/p>\n<p>\u00ab<em>Les Histrions<\/em>\u00bb de Marion Aubert au Th\u00e9\u00e2tre de la Colline en octobre 2006, \u00e0<span style=\"font-size: revert;\">\u00a0la cl\u00f4ture du salon du jeu vid\u00e9o <\/span><strong style=\"font-size: revert;\">\u00ab<\/strong><em style=\"font-size: revert;\">Blizzard Entertainment Worldwide Invitational\u00bb<\/em><span style=\"font-size: revert;\"> en juin 2008, Porte de Versailles, direction Laurent Brack, <\/span><span style=\"font-size: revert;\">\u00ab<\/span><em style=\"font-size: revert;\">Le Voyage Lyrique\u00bb<\/em><span style=\"font-size: revert;\"> mise en sc\u00e8ne de Jacques Loiseleur des Longchamps, direction B\u00e9atrice Malleret au th\u00e9\u00e2tre de Puteaux en janvier 2009 (choeurs d&#8217;op\u00e9ras), <\/span><span style=\"font-size: revert;\">\u00ab<\/span><em style=\"font-size: revert;\">Rekviem 3<\/em><span style=\"font-size: revert;\">\u00bb cr\u00e9ation d&#8217;apr\u00e8s le roman de Josef Bor sur le Requiem de Verdi, mise en sc\u00e8ne compagnie Sur les pas d&#8217;Orph\u00e9e, direction Guilhem Terrail, s\u00e9lection aux festivals de &#8220;Nanterre sur Sc\u00e8ne&#8221; et &#8220;Ici et demain&#8221; au Th\u00e9\u00e2tre 13 en nov 2012 et F\u00e9vrier 2013 puis \u00e0l&#8217; Amphith\u00e9\u00e2tre Bastille en mai 2013, <\/span><span style=\"font-size: revert;\">\u00ab<\/span><em style=\"font-size: revert;\">Iphig\u00e9nies<\/em><span style=\"font-size: revert;\">\u00bb d\u2019apr\u00e8s l&#8217;\u0153uvre de \u00abIphig\u00e9nie en Tauride\u00bb de Gluck, et des textes du \u00abStabat mater furiosa\u00bb de Sim\u00e9on et \u00abLes mouches\u00bb de Sartre, mise en sc. Juan-Pablo Villa en juin 2013, <\/span><span style=\"font-size: revert;\">l\u2019Op\u00e9ra bouffe arm\u00e9nien \u00ab<\/span><em style=\"font-size: revert;\">Garin\u00e9e\u00bb<\/em><span style=\"font-size: revert;\"> de Dikran Tchouhadjian au th\u00e9\u00e2tre de l\u2019Od\u00e9on \u00e0 Marseille en novembre 2014, mise en sc. G\u00e9rald Papasian, dir. J\u00e9r\u00f4me Boudin Clauzel.<\/span><\/p>\n<p><strong>Dans le r\u00e9pertoire op\u00e9ratique, elle commence sa carri\u00e8re en mezzo-soprano avec les r\u00f4les de:<\/strong><\/p>\n<p><strong>Orlofsky<\/strong> dans \u00ab<em>La Chauve-souris<\/em>\u00bb de Strauss a l&#8217;Oratoire du Louvre en mai 2011, dir. musicale de et sous la mise en sc. de Martine Surais-Deschamps,<\/p>\n<p><strong>Lola<\/strong> dans \u00ab<em>Cavalleria Rusticana\u00bb <\/em>de Mascagni dans une mise en sc. de Carmelo Agnello et dir. musicale Virginie Martineau-Larderet,au festival Nebrodi in Canto en ao\u00fbt 2013,<\/p>\n<p><strong>M\u00e9tella<\/strong> dans \u00ab<em>La Vie Parisienne<\/em>\u00bb de Offenbach salle Gaveau de novembre 2015 \u00e0 janvier 2016 sous la dir. Laurent Goossaert dans une mise en sc. de Mirabelle Ordinaire, salle Gaveau,<\/p>\n<p><strong>Puis poursuit sa route en alternant petits roles de mezzo et des roles plus sopranistes en interpr\u00e9tant:<\/strong><\/p>\n<p><strong>Silvia<\/strong> dans \u00a0l&#8217;<em><strong>\u00ab<\/strong>Isola Disabitata<\/em>\u00bb de Haydn par la compagnie Sur les pas d&#8217;Orph\u00e9e en septembre 2015 mise en sc. Anna Mezentseva, dir. musicale Quentin Malinas, Amphith\u00e9\u00e2tre X de saint Denis,<\/p>\n<p><b>Diane<\/b> dans\u00a0\u00ab<i>Orph\u00e9e aux Enfers<\/i>\u00bb d&#8217;Offenbach, mise en sc\u00e8ne de Violeta Zamudio, dir. artistique Adeline Toniutti, Moulin d\u00b4And\u00e9 en juillet 2017,<\/p>\n<p><strong>Miss Silberklang<\/strong> dans \u00ab <em>Der Schauspieldirektor<\/em>\u00bb de Mozart, mise en sc. de Fran\u00e7oise Semellaz, dir. Mauricio Arancibia en d\u00e9cembre 2017 au th\u00e9\u00e2tre Biplan de Lille<\/p>\n<p><strong>La<\/strong>\u00a0<strong>2\u00e8me Dame<\/strong>\u00a0dans \u00ab<em>La Fl\u00fbte Enchant\u00e9e<\/em>\u00bb de Mozart tourn\u00e9e en France en 2018 puis la <strong>Cugina<\/strong> dans \u00abMme Butterfly\u00bb de Puccini en 2019 avec Op\u00e9ra nomade et l&#8217;Atelier lyrique de Clermont-Ferrand dans une mise en sc. de Pierre Thirion-Vallet et dir. Amaury Duclosel<\/p>\n<p><strong>Flora<\/strong> dans la \u00ab<em>Traviata<\/em>\u00bb de Verdi en avril 2018 avec le Lab&#8217;op\u00e9ra d&#8217;Alsace, direction Simon Rigaudeau et mise en sc\u00e8ne par Mireille Delunsch<\/p>\n<p><strong>Charlotte, <\/strong>demoiselle d&#8217;honneur dans \u00ab<em>La\u00a0Grande Duchesse de G\u00e9rolstein<\/em>\u00bb d&#8217;Offenbach avec Op\u00e9ra Nomade et l&#8217;Atelier lyrique de Clermont-Ferrand dans une mise en sc\u00e8ne de Pierre Tirions-Vallet et direction Amaury Duclosel tourn\u00e9e en France en 2017<\/p>\n<p><strong>Elle chante dans divers ensembles vocaux depuis plus de 10 ans<\/strong><\/p>\n<p>la Compagnie Babel de 2005 \u00e0 2008 (cr\u00e9ations de th\u00e9\u00e2tre musical),<\/p>\n<p>Op\u00e9ralyre dirig\u00e9 par Beatrice Malleret (ch\u0153urs d&#8217;op\u00e9ras et r\u00e9pertoire classique du XVIeme si\u00e8cle \u00e0 nos jours) de 2006 \u00e0 2010,<\/p>\n<p>Les M\u00e9taboles de L\u00e9o Warinsky en 2012 pour un programme de musique fran\u00e7aise,<\/p>\n<p>Expr\u00eeme de Jer\u00f4me Pollack depuis 2013 (ch\u0153ur s\u00e9lectionn\u00e9 pour le concours de Tours 2015 et pour les quotidiennes de V\u00e9zelay en juillet 2017),<\/p>\n<p>Ch\u0153ur Coruscant dirig\u00e9 par Sophie Boucheron de 2011 \u00e0 2015 (spectacles de tous styles &#8211; gospels, jazz, de musique sacr\u00e9 ou romantique)<\/p>\n<p>et en suppl\u00e9mentaire des choeurs dans les maisons d&#8217;op\u00e9ras (Metz en 2015, Toulon en 2016, et futurement en\u00a02018 Op\u00e9ra du Rhin et de Nancy) .<\/p>\n<p><strong>Affectionnant \u00e9galement la musique contemporaine,\u00a0elle interpr\u00e8te <\/strong><\/p>\n<p>le \u00ab<em>Salve Regina<\/em><strong>\u00bb<\/strong> de Jean-Christophe Rosaz et le \u00ab<em>Stabat Mater<\/em><strong>\u00bb<\/strong> de Patrick Ivora en 2009sous la direction de B\u00e9atrice Malleret , des extraits de <em>Conversations<\/em> d&#8217;Aperghis, \u00ab<em>Plupart du temps<\/em><strong>\u00bb<\/strong> et \u00ab<em>Nuit<\/em><strong>\u00bb<\/strong> de Betsy Jolas a l&#8217;auditorium Jean Wiener de Bobigny en 2013, et \u00ab<em>Oresteia<\/em><strong>\u00bb<\/strong> de Xenakis (\u00e0 l&#8217;amphith\u00e9\u00e2tre Bastille en avril 2015 sous la direction de Jean-Louis Forestier, mise en sc\u00e8ne Carmelo Agnello, chef de choeur Denis Gautheyrie).<\/p>\n<p><strong>Elodie se produit r\u00e9guli\u00e8rement en r\u00e9cital avec piano<\/strong>,<\/p>\n<p>dans des r\u00e9pertoires de m\u00e9lodies fran\u00e7aises du XIX \u00e8me et du XX\u00e8me si\u00e8cle,(sur les po\u00e8mes de Victor Hugo, sur les compositrices fran\u00e7aises, &#8230;) d&#8217;airs d&#8217;op\u00e9ras, de cabaret et de musicals,<\/p>\n<p><b>ainsi qu&#8217;en soliste pour des Oratorios:<\/b>\u00a0\u00ab<em>Requiem sans fronti\u00e8res<\/em>\u00bb de Jean-Michel Oberland, \u00ab<em>Messe<\/em>\u00bb de C\u00e9sar Franck,\u00a0<strong>\u00ab<\/strong><em>Gloria\u00bb<\/em> et<strong> \u00ab<\/strong><em>Beatus\u00a0via<\/em><strong>\u00bb <\/strong>de Vivaldi, \u00ab<em>San Giovanni di Battista<\/em>\u00bb de Stradella, \u00ab<em>Magnificat<\/em>\u00bb de Bach, \u00ab<em>Requiem<\/em>\u00bbde Mozart.<\/p>\n","protected":false},"excerpt":{"rendered":"<p>Passionn\u00e9e par tous les styles, Elodie Romand explore \u00e0 20 ans les divers r\u00e9pertoires du jazz \u00e0 la com\u00e9die musicale, de la chanson \u00e0 la musique classique. Privil\u00e9giant,\u00a0 pour continuer sa formation, la technique du chant lyrique, elle int\u00e8gre le Conservatoire du 9\u00e8me arr. \u00e0 Paris en 2006 et travaillera jusqu&#8217;\u00e0 sa fin de 3\u00e8me [&hellip;]<\/p>\n","protected":false},"author":3,"featured_media":0,"parent":0,"menu_order":0,"comment_status":"closed","ping_status":"closed","template":"","meta":{"footnotes":""},"yoast_head":"<!-- This site is optimized with the Yoast SEO plugin v20.8 - https:\/\/yoast.com\/wordpress\/plugins\/seo\/ -->\n<title>Biographie - Elodie Romand<\/title>\n<meta name=\"robots\" content=\"index, follow, max-snippet:-1, max-image-preview:large, max-video-preview:-1\" \/>\n<link rel=\"canonical\" href=\"http:\/\/elodieromand.com\/?page_id=7\" \/>\n<meta property=\"og:locale\" content=\"en_US\" \/>\n<meta property=\"og:type\" content=\"article\" \/>\n<meta property=\"og:title\" content=\"Biographie - Elodie Romand\" \/>\n<meta property=\"og:description\" content=\"Passionn\u00e9e par tous les styles, Elodie Romand explore \u00e0 20 ans les divers r\u00e9pertoires du jazz \u00e0 la com\u00e9die musicale, de la chanson \u00e0 la musique classique. Privil\u00e9giant,\u00a0 pour continuer sa formation, la technique du chant lyrique, elle int\u00e8gre le Conservatoire du 9\u00e8me arr. \u00e0 Paris en 2006 et travaillera jusqu&#8217;\u00e0 sa fin de 3\u00e8me [&hellip;]\" \/>\n<meta property=\"og:url\" content=\"http:\/\/elodieromand.com\/?page_id=7\" \/>\n<meta property=\"og:site_name\" content=\"Elodie Romand\" \/>\n<meta property=\"article:modified_time\" content=\"2024-02-18T10:25:30+00:00\" \/>\n<meta name=\"twitter:label1\" content=\"Est. reading time\" \/>\n\t<meta name=\"twitter:data1\" content=\"5 minutes\" \/>\n<script type=\"application\/ld+json\" class=\"yoast-schema-graph\">{\"@context\":\"https:\/\/schema.org\",\"@graph\":[{\"@type\":\"WebPage\",\"@id\":\"http:\/\/elodieromand.com\/?page_id=7\",\"url\":\"http:\/\/elodieromand.com\/?page_id=7\",\"name\":\"Biographie - Elodie Romand\",\"isPartOf\":{\"@id\":\"https:\/\/elodieromand.com\/#website\"},\"datePublished\":\"2015-05-10T17:28:04+00:00\",\"dateModified\":\"2024-02-18T10:25:30+00:00\",\"breadcrumb\":{\"@id\":\"http:\/\/elodieromand.com\/?page_id=7#breadcrumb\"},\"inLanguage\":\"en-US\",\"potentialAction\":[{\"@type\":\"ReadAction\",\"target\":[\"http:\/\/elodieromand.com\/?page_id=7\"]}]},{\"@type\":\"BreadcrumbList\",\"@id\":\"http:\/\/elodieromand.com\/?page_id=7#breadcrumb\",\"itemListElement\":[{\"@type\":\"ListItem\",\"position\":1,\"name\":\"Accueil\",\"item\":\"https:\/\/elodieromand.com\/\"},{\"@type\":\"ListItem\",\"position\":2,\"name\":\"Biographie\"}]},{\"@type\":\"WebSite\",\"@id\":\"https:\/\/elodieromand.com\/#website\",\"url\":\"https:\/\/elodieromand.com\/\",\"name\":\"Elodie Romand\",\"description\":\"Chanteuse\/Coach vocal\",\"potentialAction\":[{\"@type\":\"SearchAction\",\"target\":{\"@type\":\"EntryPoint\",\"urlTemplate\":\"https:\/\/elodieromand.com\/?s={search_term_string}\"},\"query-input\":\"required name=search_term_string\"}],\"inLanguage\":\"en-US\"}]}<\/script>\n<!-- \/ Yoast SEO plugin. -->","yoast_head_json":{"title":"Biographie - Elodie Romand","robots":{"index":"index","follow":"follow","max-snippet":"max-snippet:-1","max-image-preview":"max-image-preview:large","max-video-preview":"max-video-preview:-1"},"canonical":"http:\/\/elodieromand.com\/?page_id=7","og_locale":"en_US","og_type":"article","og_title":"Biographie - Elodie Romand","og_description":"Passionn\u00e9e par tous les styles, Elodie Romand explore \u00e0 20 ans les divers r\u00e9pertoires du jazz \u00e0 la com\u00e9die musicale, de la chanson \u00e0 la musique classique. Privil\u00e9giant,\u00a0 pour continuer sa formation, la technique du chant lyrique, elle int\u00e8gre le Conservatoire du 9\u00e8me arr. \u00e0 Paris en 2006 et travaillera jusqu&#8217;\u00e0 sa fin de 3\u00e8me [&hellip;]","og_url":"http:\/\/elodieromand.com\/?page_id=7","og_site_name":"Elodie Romand","article_modified_time":"2024-02-18T10:25:30+00:00","twitter_misc":{"Est. reading time":"5 minutes"},"schema":{"@context":"https:\/\/schema.org","@graph":[{"@type":"WebPage","@id":"http:\/\/elodieromand.com\/?page_id=7","url":"http:\/\/elodieromand.com\/?page_id=7","name":"Biographie - Elodie Romand","isPartOf":{"@id":"https:\/\/elodieromand.com\/#website"},"datePublished":"2015-05-10T17:28:04+00:00","dateModified":"2024-02-18T10:25:30+00:00","breadcrumb":{"@id":"http:\/\/elodieromand.com\/?page_id=7#breadcrumb"},"inLanguage":"en-US","potentialAction":[{"@type":"ReadAction","target":["http:\/\/elodieromand.com\/?page_id=7"]}]},{"@type":"BreadcrumbList","@id":"http:\/\/elodieromand.com\/?page_id=7#breadcrumb","itemListElement":[{"@type":"ListItem","position":1,"name":"Accueil","item":"https:\/\/elodieromand.com\/"},{"@type":"ListItem","position":2,"name":"Biographie"}]},{"@type":"WebSite","@id":"https:\/\/elodieromand.com\/#website","url":"https:\/\/elodieromand.com\/","name":"Elodie Romand","description":"Chanteuse\/Coach vocal","potentialAction":[{"@type":"SearchAction","target":{"@type":"EntryPoint","urlTemplate":"https:\/\/elodieromand.com\/?s={search_term_string}"},"query-input":"required name=search_term_string"}],"inLanguage":"en-US"}]}},"_links":{"self":[{"href":"https:\/\/elodieromand.com\/index.php?rest_route=\/wp\/v2\/pages\/7"}],"collection":[{"href":"https:\/\/elodieromand.com\/index.php?rest_route=\/wp\/v2\/pages"}],"about":[{"href":"https:\/\/elodieromand.com\/index.php?rest_route=\/wp\/v2\/types\/page"}],"author":[{"embeddable":true,"href":"https:\/\/elodieromand.com\/index.php?rest_route=\/wp\/v2\/users\/3"}],"replies":[{"embeddable":true,"href":"https:\/\/elodieromand.com\/index.php?rest_route=%2Fwp%2Fv2%2Fcomments&post=7"}],"version-history":[{"count":35,"href":"https:\/\/elodieromand.com\/index.php?rest_route=\/wp\/v2\/pages\/7\/revisions"}],"predecessor-version":[{"id":967,"href":"https:\/\/elodieromand.com\/index.php?rest_route=\/wp\/v2\/pages\/7\/revisions\/967"}],"wp:attachment":[{"href":"https:\/\/elodieromand.com\/index.php?rest_route=%2Fwp%2Fv2%2Fmedia&parent=7"}],"curies":[{"name":"wp","href":"https:\/\/api.w.org\/{rel}","templated":true}]}}